{"id":13,"date":"2023-11-13T09:20:56","date_gmt":"2023-11-13T09:20:56","guid":{"rendered":"https:\/\/conradsak.com\/?page_id=13"},"modified":"2023-12-01T15:18:43","modified_gmt":"2023-12-01T15:18:43","slug":"o-mnie","status":"publish","type":"page","link":"https:\/\/conradsak.com\/index.php\/o-mnie\/","title":{"rendered":"O mnie"},"content":{"rendered":"\t\t<div data-elementor-type=\"wp-page\" data-elementor-id=\"13\" class=\"elementor elementor-13\">\n\t\t\t\t\t\t\t<div class=\"elementor-element elementor-element-5a0fe2a e-flex e-con-boxed e-con e-parent\" data-id=\"5a0fe2a\" data-element_type=\"container\" data-settings=\"{&quot;content_width&quot;:&quot;boxed&quot;}\" data-core-v316-plus=\"true\">\n\t\t\t\t\t<div class=\"e-con-inner\">\n\t\t<div class=\"elementor-element elementor-element-1f9a046 e-con-full e-flex e-con e-child\" data-id=\"1f9a046\" data-element_type=\"container\" data-settings=\"{&quot;content_width&quot;:&quot;full&quot;}\">\n\t\t\t\t<div class=\"elementor-element elementor-element-686f1da elementor-widget elementor-widget-image\" data-id=\"686f1da\" data-element_type=\"widget\" data-widget_type=\"image.default\">\n\t\t\t\t<div class=\"elementor-widget-container\">\n\t\t\t<style>\/*! elementor - v3.17.0 - 08-11-2023 *\/\n.elementor-widget-image{text-align:center}.elementor-widget-image a{display:inline-block}.elementor-widget-image a img[src$=\".svg\"]{width:48px}.elementor-widget-image img{vertical-align:middle;display:inline-block}<\/style>\t\t\t\t\t\t\t\t\t\t\t\t<img fetchpriority=\"high\" decoding=\"async\" width=\"800\" height=\"800\" src=\"https:\/\/conradsak.com\/wp-content\/uploads\/2023\/11\/conrad-sak.jpg\" class=\"attachment-large size-large wp-image-33\" alt=\"Konrad Sak\" srcset=\"https:\/\/conradsak.com\/wp-content\/uploads\/2023\/11\/conrad-sak.jpg 800w, https:\/\/conradsak.com\/wp-content\/uploads\/2023\/11\/conrad-sak-300x300.jpg 300w, https:\/\/conradsak.com\/wp-content\/uploads\/2023\/11\/conrad-sak-150x150.jpg 150w, https:\/\/conradsak.com\/wp-content\/uploads\/2023\/11\/conrad-sak-768x768.jpg 768w\" sizes=\"(max-width: 800px) 100vw, 800px\" \/>\t\t\t\t\t\t\t\t\t\t\t\t\t\t\t<\/div>\n\t\t\t\t<\/div>\n\t\t\t\t<\/div>\n\t\t<div class=\"elementor-element elementor-element-f06b4b6 e-con-full e-flex e-con e-child\" data-id=\"f06b4b6\" data-element_type=\"container\" data-settings=\"{&quot;content_width&quot;:&quot;full&quot;}\">\n\t\t\t\t<div class=\"elementor-element elementor-element-be53932 elementor-widget elementor-widget-text-editor\" data-id=\"be53932\" data-element_type=\"widget\" data-widget_type=\"text-editor.default\">\n\t\t\t\t<div class=\"elementor-widget-container\">\n\t\t\t<style>\/*! elementor - v3.17.0 - 08-11-2023 *\/\n.elementor-widget-text-editor.elementor-drop-cap-view-stacked .elementor-drop-cap{background-color:#69727d;color:#fff}.elementor-widget-text-editor.elementor-drop-cap-view-framed .elementor-drop-cap{color:#69727d;border:3px solid;background-color:transparent}.elementor-widget-text-editor:not(.elementor-drop-cap-view-default) .elementor-drop-cap{margin-top:8px}.elementor-widget-text-editor:not(.elementor-drop-cap-view-default) .elementor-drop-cap-letter{width:1em;height:1em}.elementor-widget-text-editor .elementor-drop-cap{float:left;text-align:center;line-height:1;font-size:50px}.elementor-widget-text-editor .elementor-drop-cap-letter{display:inline-block}<\/style>\t\t\t\t<div class=\"__fb-dark-mode x1n2onr6\" role=\"row\"><div class=\"\"><div class=\"x78zum5 xdt5ytf x1n2onr6\" tabindex=\"0\" role=\"gridcell\" data-release-focus-from=\"CLICK\" data-scope=\"messages_table\"><div class=\"x78zum5\" role=\"none\"><div class=\"x78zum5 x1iyjqo2 xs83m0k xeuugli\" role=\"none\"><div class=\"x1h91t0o xkh2ocl x78zum5 xdt5ytf x13a6bvl xcrg951 x1r145dm\" role=\"none\"><div class=\"x78zum5 xh8yej3\" role=\"none\"><div class=\"x1cy8zhl x78zum5 xdt5ytf x193iq5w x1n2onr6 x1kxipp6\"><div class=\"x78zum5 xh8yej3\" role=\"none\"><div class=\"x1tlxs6b x1g8br2z x1gn5b1j x230xth x14ctfv x1okitfd x6ikm8r x10wlt62 x1mzt3pk x1y1aw1k xn6708d xwib8y2 x1ye3gou x1n2onr6 x13faqbe x1vjfegm\" role=\"none\"><div class=\"x9f619 x1n2onr6 x1ja2u2z __fb-dark-mode\" role=\"none\"><div class=\"x1gslohp x11i5rnm x12nagc x1mh8g0r x1yc453h x126k92a\" dir=\"auto\">Jestem do\u015bwiadczonym specjalist\u0105 reklamowym z 8-letnim sta\u017cem w bran\u017cy. Moja ekspertyza skupia si\u0119 na rozwoju marek poprzez gruntowne badania, analizy biznesowe oraz strategiczne planowanie. W mojej pracy \u0142\u0105cz\u0119 kreatywno\u015b\u0107 z precyzj\u0105 logicznego my\u015blenia, nadaj\u0105c projektom nie tylko znaczenie, ale i kontekst, aby wspiera\u0107 osi\u0105gni\u0119cie cel\u00f3w biznesowych.<\/div><div dir=\"auto\">\u00a0<\/div><div class=\"x1gslohp x11i5rnm x12nagc x1mh8g0r x1yc453h x126k92a\" dir=\"auto\">Specjalizuj\u0119 si\u0119 w tworzeniu strategii komunikacyjnych opartych na solidnych badaniach naukowych. Po godzinach pracy pasjonuj\u0119 si\u0119 klasyczn\u0105 m\u0119sk\u0105 mod\u0105 oraz uczestnicz\u0119 w projekcie badawczym Data Gradus, gdzie analizujemy procesy podejmowania decyzji przez ludzi.<\/div><\/div><\/div><div class=\"x1h91t0o xkh2ocl x78zum5 xdt5ytf x13a6bvl x193iq5w x1iyjqo2 xcrg951\" role=\"none\"><div class=\"x1r8uery x1iyjqo2\" role=\"none\">\u00a0<\/div><\/div><\/div><\/div><div class=\"x1h91t0o xkh2ocl x78zum5 xdt5ytf x13a6bvl x193iq5w x1iyjqo2 xcrg951\" role=\"none\"><div class=\"x1r8uery x1iyjqo2\" role=\"none\"><span style=\"font-family: var(--global-body-font-family);\">Marki z kt\u00f3rymi wsp\u00f3\u0142pracowa\u0142em: OLEOFARM, SANOFI, BERLIN CHEMIE, MASPEX, Wolt, G2A, Empik, SkyCash, Herbapol, Coca Cola, Kropla Beskidu, Heinz, Pudliszki, TVN, DPD, BIC, PZU, Mars, Red Bull, PGNiG, Carlsberg, Tefal, Krups, Nest Bank, Krosno Glass.<\/span><\/div><\/div><\/div><\/div><\/div><\/div><\/div><\/div><\/div>\t\t\t\t\t\t<\/div>\n\t\t\t\t<\/div>\n\t\t\t\t<\/div>\n\t\t\t\t\t<\/div>\n\t\t\t\t<\/div>\n\t\t\t\t\t\t\t<\/div>\n\t\t","protected":false},"excerpt":{"rendered":"<p>Jestem do\u015bwiadczonym specjalist\u0105 reklamowym z 8-letnim sta\u017cem w bran\u017cy. Moja ekspertyza skupia si\u0119 na rozwoju marek poprzez gruntowne badania, analizy biznesowe oraz strategiczne planowanie. W mojej pracy \u0142\u0105cz\u0119 kreatywno\u015b\u0107 z precyzj\u0105 logicznego my\u015blenia, nadaj\u0105c projektom nie tylko znaczenie, ale i kontekst, aby wspiera\u0107 osi\u0105gni\u0119cie cel\u00f3w biznesowych.\u00a0Specjalizuj\u0119 si\u0119 w tworzeniu strategii komunikacyjnych opartych na solidnych badaniach&#8230;<\/p>\n","protected":false},"author":1,"featured_media":0,"parent":0,"menu_order":0,"comment_status":"closed","ping_status":"closed","template":"","meta":{"_themeisle_gutenberg_block_has_review":false,"_kad_post_transparent":"","_kad_post_title":"hide","_kad_post_layout":"fullwidth","_kad_post_sidebar_id":"","_kad_post_content_style":"unboxed","_kad_post_vertical_padding":"hide","_kad_post_feature":"hide","_kad_post_feature_position":"","_kad_post_header":false,"_kad_post_footer":false,"_ti_tpc_template_sync":false,"_ti_tpc_template_id":"","footnotes":""},"class_list":["post-13","page","type-page","status-publish","hentry"],"_links":{"self":[{"href":"https:\/\/conradsak.com\/index.php\/wp-json\/wp\/v2\/pages\/13","targetHints":{"allow":["GET"]}}],"collection":[{"href":"https:\/\/conradsak.com\/index.php\/wp-json\/wp\/v2\/pages"}],"about":[{"href":"https:\/\/conradsak.com\/index.php\/wp-json\/wp\/v2\/types\/page"}],"author":[{"embeddable":true,"href":"https:\/\/conradsak.com\/index.php\/wp-json\/wp\/v2\/users\/1"}],"replies":[{"embeddable":true,"href":"https:\/\/conradsak.com\/index.php\/wp-json\/wp\/v2\/comments?post=13"}],"version-history":[{"count":10,"href":"https:\/\/conradsak.com\/index.php\/wp-json\/wp\/v2\/pages\/13\/revisions"}],"predecessor-version":[{"id":2815,"href":"https:\/\/conradsak.com\/index.php\/wp-json\/wp\/v2\/pages\/13\/revisions\/2815"}],"wp:attachment":[{"href":"https:\/\/conradsak.com\/index.php\/wp-json\/wp\/v2\/media?parent=13"}],"curies":[{"name":"wp","href":"https:\/\/api.w.org\/{rel}","templated":true}]}}